{"id":6909,"date":"2026-01-13T17:08:48","date_gmt":"2026-01-13T17:08:48","guid":{"rendered":"https:\/\/aspasso.org\/it\/?post_type=product&#038;p=6909"},"modified":"2026-01-13T22:47:16","modified_gmt":"2026-01-13T22:47:16","slug":"tessera-socio-2026-nuova-sottoscrizione","status":"publish","type":"product","link":"https:\/\/aspasso.org\/it\/prodotto\/tessera-socio-2026-nuova-sottoscrizione\/","title":{"rendered":"Tessera Socio 2026 &#8211; Nuova sottoscrizione annuale"},"content":{"rendered":"<p><strong>Tessera Socio 2026 &#8211; Nuova sottoscrizione annuale<\/strong><br \/>\nPer coloro che non si sono mai tesserati con A S&#8217;passo<\/p>\n<p>L&#8217;acquisto di questa tessera d\u00e0 diritto alla partecipazione alle gite e alle attivit\u00e0 dell&#8217;Associazione al prezzo scontato riservato, come riportato nei singoli casi, fino alla scadenza.<br \/>\n<strong>La tessera \u00e8 valida per l&#8217;anno 2026<\/strong> (scad. 31\/12\/2026) ed \u00e8 emessa in convenzione con ACSI cui A S&#8217;passo \u00e8 affiliata.<br \/>\nE&#8217; possibile aggiungere a ciascuna tessera un ulteriore componente familiare alla tariffa agevolata di Euro 5,00 in pi\u00f9 (sar\u00e0 sufficiente scegliere l&#8217;opzione specifica) al quale verr\u00e0 assegnata in ogni caso una tessera nominativa.<br \/>\nTutti i sottoscrittori accettano l&#8217;applicazione delle condizioni specifiche scaricabili ai seguenti link:<br \/>\n&#8211; <a href=\"https:\/\/www.acsi.it\/v2\/wp-content\/uploads\/2021\/03\/Statuto-ACSI.pdf\" target=\"_blank\" rel=\"noopener\">statuto ACSI (rinvia al sito ACSI)<\/a><br \/>\n&#8211; <a href=\"https:\/\/aspasso.org\/it\/wp-content\/uploads\/2026\/01\/Statuto_A_S_passo_rev2_rdx.pdf\" target=\"_blank\" rel=\"noopener\">statuto A S&#8217;passo<\/a><br \/>\n&#8211; <a href=\"https:\/\/aspasso.org\/it\/wp-content\/uploads\/2026\/01\/privacy_ACSI_2025.pdf\" target=\"_blank\">Privacy ACSI<\/a><br \/>\n&#8211; <a href=\"https:\/\/aspasso.org\/it\/trasparenza\/#privacy\" target=\"_blank\">Privacy A S&#8217;passo<\/a><br \/>\n&#8211; <a href=\"https:\/\/www.acsi.it\/polizze-assicurative-sport-vari\/\" target=\"_blank\">Polizza assicurativa (rinvia al sito ACSI)<\/a><br \/>\n&#8211; <a href=\"https:\/\/aspasso.org\/it\/wp-content\/uploads\/2025\/12\/MOG-A-Spasso.pdf\" target=\"_blank\">Safeguarding<\/a><br \/>\n&nbsp;<\/p>\n<p>&nbsp;<\/p>\n","protected":false},"excerpt":{"rendered":"<p><strong>Tessera Socio 2026 &#8211; Nuova sottoscrizione<\/strong><br \/>\n(dettagli in descrizione)<\/p>\n","protected":false},"featured_media":6910,"template":"","meta":{"_lmt_disableupdate":"no","_lmt_disable":""},"product_brand":[],"product_cat":[39],"product_tag":[],"class_list":{"0":"post-6909","1":"product","2":"type-product","3":"status-publish","4":"has-post-thumbnail","6":"product_cat-tessere","8":"first","9":"instock","10":"sold-individually","11":"shipping-taxable","12":"purchasable","13":"product-type-variable"},"_links":{"self":[{"href":"https:\/\/aspasso.org\/it\/wp-json\/wp\/v2\/product\/6909","targetHints":{"allow":["GET"]}}],"collection":[{"href":"https:\/\/aspasso.org\/it\/wp-json\/wp\/v2\/product"}],"about":[{"href":"https:\/\/aspasso.org\/it\/wp-json\/wp\/v2\/types\/product"}],"wp:featuredmedia":[{"embeddable":true,"href":"https:\/\/aspasso.org\/it\/wp-json\/wp\/v2\/media\/6910"}],"wp:attachment":[{"href":"https:\/\/aspasso.org\/it\/wp-json\/wp\/v2\/media?parent=6909"}],"wp:term":[{"taxonomy":"product_brand","embeddable":true,"href":"https:\/\/aspasso.org\/it\/wp-json\/wp\/v2\/product_brand?post=6909"},{"taxonomy":"product_cat","embeddable":true,"href":"https:\/\/aspasso.org\/it\/wp-json\/wp\/v2\/product_cat?post=6909"},{"taxonomy":"product_tag","embeddable":true,"href":"https:\/\/aspasso.org\/it\/wp-json\/wp\/v2\/product_tag?post=6909"}],"curies":[{"name":"wp","href":"https:\/\/api.w.org\/{rel}","templated":true}]}}